{"id":148,"date":"2024-10-17T16:59:41","date_gmt":"2024-10-17T14:59:41","guid":{"rendered":"https:\/\/novalgos.com\/?page_id=148"},"modified":"2024-10-17T16:59:43","modified_gmt":"2024-10-17T14:59:43","slug":"precommande-nimbleat-premium","status":"publish","type":"page","link":"https:\/\/novalgos.com\/index.php\/precommande-nimbleat-premium\/","title":{"rendered":"Pr\u00e9commande NimblEat Premium"},"content":{"rendered":"<div class=\"wp-block-uagb-container uagb-block-k1rljh8s alignfull uagb-is-root-container\"><div class=\"uagb-container-inner-blocks-wrap\"><div class=\"wp-block-uagb-container uagb-block-k5cs78zb\"><div class=\"wp-block-uagb-forms uagb-forms__outer-wrap uagb-block-pmdnotlj uagb-forms__default-btn\"><form class=\"uagb-forms-main-form\" method=\"post\" autocomplete=\"on\" name=\"uagb-form-pmdnotlj\"><div class=\"wp-block-uagb-forms-name uagb-forms-name-wrap uagb-forms-field-set uagb-block-vf372ijp uag-col-2\"><div class=\"uagb-forms-name-label required uagb-forms-input-label\" id=\"vf372ijp\">First Name<\/div><input type=\"text\" placeholder=\"\" required class=\"uagb-forms-name-input uagb-forms-input\" name=\"vf372ijp\" autocomplete=\"given-name\"\/><\/div>\n\n<div class=\"wp-block-uagb-forms-name uagb-forms-name-wrap uagb-forms-field-set uagb-block-i0pt1nlk uag-col-2\"><div class=\"uagb-forms-name-label required uagb-forms-input-label\" id=\"i0pt1nlk\">Last Name<\/div><input type=\"text\" placeholder=\"\" required class=\"uagb-forms-name-input uagb-forms-input\" name=\"i0pt1nlk\" autocomplete=\"family-name\"\/><\/div>\n\n<div class=\"wp-block-uagb-forms-email uagb-forms-email-wrap uagb-forms-field-set uagb-block-qx8c9rzx\"><div class=\"uagb-forms-email-label required uagb-forms-input-label\" id=\"qx8c9rzx\">Email<\/div><input type=\"email\" class=\"uagb-forms-email-input uagb-forms-input\" placeholder=\"\" required name=\"qx8c9rzx\" autocomplete=\"email\"\/><\/div>\n\n<div class=\"wp-block-uagb-forms-textarea uagb-forms-textarea-wrap uagb-forms-field-set uagb-block-slpm8yw3\"><div class=\"uagb-forms-textarea-label  uagb-forms-input-label\" id=\"slpm8yw3\">Message<\/div><textarea class=\"uagb-forms-textarea-input uagb-forms-input\" rows=\"6\" placeholder=\"\" name=\"slpm8yw3\" autocomplete=\"off\"><\/textarea><\/div><div class=\"uagb-forms-form-hidden-data\"><input type=\"hidden\" id=\"g-recaptcha-response\" class=\"uagb-forms-recaptcha\"\/><input type=\"hidden\" class=\"uagb_forms_form_label\" value=\"Spectra Form\"\/><input type=\"hidden\" class=\"uagb_forms_form_id\" value=\"uagb-form-pmdnotlj\"\/><\/div><div class=\"uagb-form-reacaptcha-error-pmdnotlj\"><\/div><div class=\"uagb-forms-main-submit-button-wrap wp-block-button\"><button class=\"uagb-forms-main-submit-button wp-block-button__link\"><div class=\"uagb-forms-main-submit-button-text\">Pr\u00e9commander<\/div><\/button><\/div><\/form><div class=\"uagb-forms-success-message-pmdnotlj uagb-forms-submit-message-hide\"><span>F\u00e9licitations ! Votre enregistrement a \u00e9t\u00e9 fait avec succ\u00e9s <\/span><\/div><div class=\"uagb-forms-failed-message-pmdnotlj uagb-forms-submit-message-hide\"><span>Erreur lors de l&rsquo;envoie de la demande<\/span><\/div><\/div><\/div><\/div><\/div><p><\/p>","protected":false},"excerpt":{"rendered":"","protected":false},"author":1,"featured_media":0,"parent":0,"menu_order":0,"comment_status":"closed","ping_status":"closed","template":"","meta":{"_uag_custom_page_level_css":"","site-sidebar-layout":"default","site-content-layout":"","ast-site-content-layout":"","site-content-style":"default","site-sidebar-style":"default","ast-global-header-display":"","ast-banner-title-visibility":"","ast-main-header-display":"","ast-hfb-above-header-display":"","ast-hfb-below-header-display":"","ast-hfb-mobile-header-display":"","site-post-title":"","ast-breadcrumbs-content":"","ast-featured-img":"","footer-sml-layout":"","theme-transparent-header-meta":"","adv-header-id-meta":"","stick-header-meta":"","header-above-stick-meta":"","header-main-stick-meta":"","header-below-stick-meta":"","astra-migrate-meta-layouts":"default","ast-page-background-enabled":"default","ast-page-background-meta":{"desktop":{"background-color":"var(--ast-global-color-4)","background-image":"","background-repeat":"repeat","background-position":"center center","background-size":"auto","background-attachment":"scroll","background-type":"","background-media":"","overlay-type":"","overlay-color":"","overlay-gradient":""},"tablet":{"background-color":"","background-image":"","background-repeat":"repeat","background-position":"center center","background-size":"auto","background-attachment":"scroll","background-type":"","background-media":"","overlay-type":"","overlay-color":"","overlay-gradient":""},"mobile":{"background-color":"","background-image":"","background-repeat":"repeat","background-position":"center center","background-size":"auto","background-attachment":"scroll","background-type":"","background-media":"","overlay-type":"","overlay-color":"","overlay-gradient":""}},"ast-content-background-meta":{"desktop":{"background-color":"var(--ast-global-color-5)","background-image":"","background-repeat":"repeat","background-position":"center center","background-size":"auto","background-attachment":"scroll","background-type":"","background-media":"","overlay-type":"","overlay-color":"","overlay-gradient":""},"tablet":{"background-color":"var(--ast-global-color-5)","background-image":"","background-repeat":"repeat","background-position":"center center","background-size":"auto","background-attachment":"scroll","background-type":"","background-media":"","overlay-type":"","overlay-color":"","overlay-gradient":""},"mobile":{"background-color":"var(--ast-global-color-5)","background-image":"","background-repeat":"repeat","background-position":"center center","background-size":"auto","background-attachment":"scroll","background-type":"","background-media":"","overlay-type":"","overlay-color":"","overlay-gradient":""}},"footnotes":""},"class_list":["post-148","page","type-page","status-publish","hentry"],"yoast_head":"<!-- This site is optimized with the Yoast SEO plugin v23.6 - https:\/\/yoast.com\/wordpress\/plugins\/seo\/ -->\n<title>Pr\u00e9commande NimblEat Premium - NovalgoServices<\/title>\n<meta name=\"robots\" content=\"index, follow, max-snippet:-1, max-image-preview:large, max-video-preview:-1\" \/>\n<link rel=\"canonical\" href=\"https:\/\/novalgos.com\/index.php\/precommande-nimbleat-premium\/\" \/>\n<meta property=\"og:locale\" content=\"fr_FR\" \/>\n<meta property=\"og:type\" content=\"article\" \/>\n<meta property=\"og:title\" content=\"Pr\u00e9commande NimblEat Premium - NovalgoServices\" \/>\n<meta property=\"og:url\" content=\"https:\/\/novalgos.com\/index.php\/precommande-nimbleat-premium\/\" \/>\n<meta property=\"og:site_name\" content=\"NovalgoServices\" \/>\n<meta property=\"article:modified_time\" content=\"2024-10-17T14:59:43+00:00\" \/>\n<meta name=\"twitter:card\" content=\"summary_large_image\" \/>\n<meta name=\"twitter:label1\" content=\"Dur\u00e9e de lecture estim\u00e9e\" \/>\n\t<meta name=\"twitter:data1\" content=\"1 minute\" \/>\n<script type=\"application\/ld+json\" class=\"yoast-schema-graph\">{\"@context\":\"https:\/\/schema.org\",\"@graph\":[{\"@type\":\"WebPage\",\"@id\":\"https:\/\/novalgos.com\/index.php\/precommande-nimbleat-premium\/\",\"url\":\"https:\/\/novalgos.com\/index.php\/precommande-nimbleat-premium\/\",\"name\":\"Pr\u00e9commande NimblEat Premium - NovalgoServices\",\"isPartOf\":{\"@id\":\"https:\/\/novalgos.com\/#website\"},\"datePublished\":\"2024-10-17T14:59:41+00:00\",\"dateModified\":\"2024-10-17T14:59:43+00:00\",\"breadcrumb\":{\"@id\":\"https:\/\/novalgos.com\/index.php\/precommande-nimbleat-premium\/#breadcrumb\"},\"inLanguage\":\"fr-FR\",\"potentialAction\":[{\"@type\":\"ReadAction\",\"target\":[\"https:\/\/novalgos.com\/index.php\/precommande-nimbleat-premium\/\"]}]},{\"@type\":\"BreadcrumbList\",\"@id\":\"https:\/\/novalgos.com\/index.php\/precommande-nimbleat-premium\/#breadcrumb\",\"itemListElement\":[{\"@type\":\"ListItem\",\"position\":1,\"name\":\"Home\",\"item\":\"https:\/\/novalgos.com\/\"},{\"@type\":\"ListItem\",\"position\":2,\"name\":\"Pr\u00e9commande NimblEat Premium\"}]},{\"@type\":\"WebSite\",\"@id\":\"https:\/\/novalgos.com\/#website\",\"url\":\"https:\/\/novalgos.com\/\",\"name\":\"NovalgoServices\",\"description\":\"C&#039;est l&#039;originalit\u00e9 qui fait la diff\u00e9rence\",\"potentialAction\":[{\"@type\":\"SearchAction\",\"target\":{\"@type\":\"EntryPoint\",\"urlTemplate\":\"https:\/\/novalgos.com\/?s={search_term_string}\"},\"query-input\":{\"@type\":\"PropertyValueSpecification\",\"valueRequired\":true,\"valueName\":\"search_term_string\"}}],\"inLanguage\":\"fr-FR\"}]}<\/script>\n<!-- \/ Yoast SEO plugin. -->","yoast_head_json":{"title":"Pr\u00e9commande NimblEat Premium - NovalgoServices","robots":{"index":"index","follow":"follow","max-snippet":"max-snippet:-1","max-image-preview":"max-image-preview:large","max-video-preview":"max-video-preview:-1"},"canonical":"https:\/\/novalgos.com\/index.php\/precommande-nimbleat-premium\/","og_locale":"fr_FR","og_type":"article","og_title":"Pr\u00e9commande NimblEat Premium - NovalgoServices","og_url":"https:\/\/novalgos.com\/index.php\/precommande-nimbleat-premium\/","og_site_name":"NovalgoServices","article_modified_time":"2024-10-17T14:59:43+00:00","twitter_card":"summary_large_image","twitter_misc":{"Dur\u00e9e de lecture estim\u00e9e":"1 minute"},"schema":{"@context":"https:\/\/schema.org","@graph":[{"@type":"WebPage","@id":"https:\/\/novalgos.com\/index.php\/precommande-nimbleat-premium\/","url":"https:\/\/novalgos.com\/index.php\/precommande-nimbleat-premium\/","name":"Pr\u00e9commande NimblEat Premium - NovalgoServices","isPartOf":{"@id":"https:\/\/novalgos.com\/#website"},"datePublished":"2024-10-17T14:59:41+00:00","dateModified":"2024-10-17T14:59:43+00:00","breadcrumb":{"@id":"https:\/\/novalgos.com\/index.php\/precommande-nimbleat-premium\/#breadcrumb"},"inLanguage":"fr-FR","potentialAction":[{"@type":"ReadAction","target":["https:\/\/novalgos.com\/index.php\/precommande-nimbleat-premium\/"]}]},{"@type":"BreadcrumbList","@id":"https:\/\/novalgos.com\/index.php\/precommande-nimbleat-premium\/#breadcrumb","itemListElement":[{"@type":"ListItem","position":1,"name":"Home","item":"https:\/\/novalgos.com\/"},{"@type":"ListItem","position":2,"name":"Pr\u00e9commande NimblEat Premium"}]},{"@type":"WebSite","@id":"https:\/\/novalgos.com\/#website","url":"https:\/\/novalgos.com\/","name":"NovalgoServices","description":"C&#039;est l&#039;originalit\u00e9 qui fait la diff\u00e9rence","potentialAction":[{"@type":"SearchAction","target":{"@type":"EntryPoint","urlTemplate":"https:\/\/novalgos.com\/?s={search_term_string}"},"query-input":{"@type":"PropertyValueSpecification","valueRequired":true,"valueName":"search_term_string"}}],"inLanguage":"fr-FR"}]}},"jetpack_sharing_enabled":true,"uagb_featured_image_src":{"full":false,"thumbnail":false,"medium":false,"medium_large":false,"large":false,"1536x1536":false,"2048x2048":false,"woocommerce_thumbnail":false,"woocommerce_single":false,"woocommerce_gallery_thumbnail":false},"uagb_author_info":{"display_name":"admin3422","author_link":"https:\/\/novalgos.com\/index.php\/author\/admin3422\/"},"uagb_comment_info":0,"uagb_excerpt":null,"_links":{"self":[{"href":"https:\/\/novalgos.com\/index.php\/wp-json\/wp\/v2\/pages\/148","targetHints":{"allow":["GET"]}}],"collection":[{"href":"https:\/\/novalgos.com\/index.php\/wp-json\/wp\/v2\/pages"}],"about":[{"href":"https:\/\/novalgos.com\/index.php\/wp-json\/wp\/v2\/types\/page"}],"author":[{"embeddable":true,"href":"https:\/\/novalgos.com\/index.php\/wp-json\/wp\/v2\/users\/1"}],"replies":[{"embeddable":true,"href":"https:\/\/novalgos.com\/index.php\/wp-json\/wp\/v2\/comments?post=148"}],"version-history":[{"count":3,"href":"https:\/\/novalgos.com\/index.php\/wp-json\/wp\/v2\/pages\/148\/revisions"}],"predecessor-version":[{"id":153,"href":"https:\/\/novalgos.com\/index.php\/wp-json\/wp\/v2\/pages\/148\/revisions\/153"}],"wp:attachment":[{"href":"https:\/\/novalgos.com\/index.php\/wp-json\/wp\/v2\/media?parent=148"}],"curies":[{"name":"wp","href":"https:\/\/api.w.org\/{rel}","templated":true}]}}